{"id":349,"date":"2017-02-21T13:57:57","date_gmt":"2017-02-21T12:57:57","guid":{"rendered":"http:\/\/www.sainte-therese-plouzane.fr\/?page_id=349"},"modified":"2025-11-13T14:48:43","modified_gmt":"2025-11-13T13:48:43","slug":"informations-ogec","status":"publish","type":"page","link":"https:\/\/www.sainte-therese-plouzane.fr\/index.php\/informations-ogec\/","title":{"rendered":"INSCRIPTIONS 2026-2027"},"content":{"rendered":"<div class=\"entry-content\">\n<p>Mme Le Guen, vous accueillera, sur rendez-vous, pour vous faire visiter l&#8217;\u00e9cole et vous pr\u00e9senter les projets de l&#8217;ann\u00e9e.<\/p>\n<p>Pour prendre rendez-vous, vous pouvez t\u00e9l\u00e9phoner au : <span style=\"color: #3366ff;\">02.98.45.94.94<\/span><\/p>\n<p>ou par mail : <a href=\"mailto:eco29.ste-therese.plouzane@e-c.bzh\"><span style=\"color: #3366ff;\">eco29.ste-therese.plouzane@e-c.bzh<\/span><\/a><\/p>\n<p>Veuillez trouver ci-dessous le descriptif des pi\u00e8ces qui constituent le dossier d\u2019inscription de chaque \u00e9l\u00e8ve dans notre \u00e9tablissement.<br \/>\u2013 La fiche inscription\u00a0 2026-2027 compl\u00e9t\u00e9e : <a href=\"https:\/\/www.sainte-therese-plouzane.fr\/wp-content\/uploads\/2025\/11\/fiche-inscription-2026-2027.pdf\" target=\"_blank\" rel=\"noopener\"><span style=\"color: #ff00ff;\"><strong>Fiche d&#8217;inscription<\/strong><\/span><\/a><br \/>\u2013 Une photocopie\u00a0 des pages de vaccinations du carnet de sant\u00e9.<br \/>\u2013 Une photocopie du livret de famille,<br \/>\u2013 Si votre enfant est d\u00e9j\u00e0 scolaris\u00e9 dans un autre \u00e9tablissement : un certificat de radiation (il vous sera fourni le jour de votre d\u00e9part de l\u2019\u00e9tablissement qui accueille votre enfant),<br \/>\u2013 Une copie du livret scolaire.<\/p>\n<\/div>\n<p><span style=\"color: #ff6600; font-size: 21px;\"><strong>NOUVEAUTE : les inscriptions se font d\u00e9sormais en ligne.<\/strong><\/span><\/p>\n\n\n<p class=\"has-vivid-purple-color has-text-color has-link-color wp-elements-88cc171244376cf5cb265eb3bf5e14c3\"><a href=\"https:\/\/www.noefil.fr\/inscription?id=59ad6be3-0850-4bef-8d89-6b1ef53b122d\"><strong>Inscriptions en ligne de la TPS \u00e0 la GS.<\/strong><\/a><\/p>\n\n\n\n<p class=\"has-vivid-green-cyan-color has-text-color has-link-color wp-elements-ed5843270ed492fb6a641cae44903355\"><a href=\"https:\/\/www.noefil.fr\/inscription?id=5fbd4502-905e-46e4-81ac-dde71c27ad80\"><strong>Inscriptions en ligne du CP au CM2<\/strong><\/a><\/p>\n\n\n\n<p class=\"has-vivid-cyan-blue-color has-text-color has-link-color wp-elements-9f12130dbeeac4b9fa402bf53bdc840a\"><strong>Vous recevrez des messages de confirmation de la plateforme Noefil (notification@noefil.fr). N&#8217;h\u00e9sitez pas \u00e0 v\u00e9rifier vos spams.<\/strong><\/p>\n\n\n\n<p><\/p>\n","protected":false},"excerpt":{"rendered":"<p>Mme Le Guen, vous accueillera, sur rendez-vous, pour vous faire visiter l&#8217;\u00e9cole et vous pr\u00e9senter les projets de l&#8217;ann\u00e9e. Pour prendre rendez-vous, vous pouvez t\u00e9l\u00e9phoner au : 02.98.45.94.94 ou par mail : eco29.ste-therese.plouzane@e-c.bzh Veuillez trouver ci-dessous le descriptif des pi\u00e8ces qui constituent le dossier d\u2019inscription de chaque \u00e9l\u00e8ve dans notre \u00e9tablissement.\u2013 La fiche inscription\u00a0 2026-2027 <a class=\"more-link\" href=\"https:\/\/www.sainte-therese-plouzane.fr\/index.php\/informations-ogec\/\">Lire plus &#8230;<\/a><\/p>\n","protected":false},"author":1,"featured_media":0,"parent":0,"menu_order":0,"comment_status":"closed","ping_status":"closed","template":"","meta":{"footnotes":""},"class_list":["post-349","page","type-page","status-publish","hentry"],"_links":{"self":[{"href":"https:\/\/www.sainte-therese-plouzane.fr\/index.php\/wp-json\/wp\/v2\/pages\/349","targetHints":{"allow":["GET"]}}],"collection":[{"href":"https:\/\/www.sainte-therese-plouzane.fr\/index.php\/wp-json\/wp\/v2\/pages"}],"about":[{"href":"https:\/\/www.sainte-therese-plouzane.fr\/index.php\/wp-json\/wp\/v2\/types\/page"}],"author":[{"embeddable":true,"href":"https:\/\/www.sainte-therese-plouzane.fr\/index.php\/wp-json\/wp\/v2\/users\/1"}],"replies":[{"embeddable":true,"href":"https:\/\/www.sainte-therese-plouzane.fr\/index.php\/wp-json\/wp\/v2\/comments?post=349"}],"version-history":[{"count":22,"href":"https:\/\/www.sainte-therese-plouzane.fr\/index.php\/wp-json\/wp\/v2\/pages\/349\/revisions"}],"predecessor-version":[{"id":3281,"href":"https:\/\/www.sainte-therese-plouzane.fr\/index.php\/wp-json\/wp\/v2\/pages\/349\/revisions\/3281"}],"wp:attachment":[{"href":"https:\/\/www.sainte-therese-plouzane.fr\/index.php\/wp-json\/wp\/v2\/media?parent=349"}],"curies":[{"name":"wp","href":"https:\/\/api.w.org\/{rel}","templated":true}]}}