{"id":1974,"date":"2020-03-15T15:59:07","date_gmt":"2020-03-15T14:59:07","guid":{"rendered":"http:\/\/www.sainte-therese-plouzane.fr\/?page_id=1974"},"modified":"2020-04-25T11:57:01","modified_gmt":"2020-04-25T09:57:01","slug":"continuite-pedagogique","status":"publish","type":"page","link":"https:\/\/www.sainte-therese-plouzane.fr\/index.php\/continuite-pedagogique\/","title":{"rendered":"Continuit\u00e9 p\u00e9dagogique"},"content":{"rendered":"\n<p class=\"has-medium-font-size\"><strong>CYCLE 1<\/strong><\/p>\n\n\n\n<p style=\"font-size:17px\" class=\"has-text-color has-vivid-cyan-blue-color\"><strong>TPS PS MS<\/strong><\/p>\n\n\n\n<p class=\"has-text-color has-vivid-cyan-blue-color\"><a href=\"https:\/\/www.sainte-therese-plouzane.fr\/wp-content\/uploads\/2020\/03\/continuit\u00e9-p\u00e9dagogique-mars-2020-PS-et-MS-A-et-B-Christine-et-Nathalie.pdf\">Propositions d&#8217;activit\u00e9s pour les classes de TPS-PS-MS A et B (Christine et Nathali<\/a>e)<\/p>\n\n\n\n<p><\/p>\n\n\n\n<p style=\"font-size:17px\" class=\"has-text-color has-vivid-green-cyan-color\"><strong>MS GS<\/strong><\/p>\n\n\n\n<p class=\"has-text-color has-vivid-green-cyan-color\"><a href=\"https:\/\/www.sainte-therese-plouzane.fr\/wp-content\/uploads\/2020\/03\/annexe-semaine-2.pdf\">annexe-semaine-2.pdf<\/a><\/p>\n\n\n\n<p class=\"has-text-color has-vivid-green-cyan-color\"><a href=\"https:\/\/www.sainte-therese-plouzane.fr\/wp-content\/uploads\/2020\/03\/Planning-de-la-semaine-du-23-au-27-Mars.pdf\">Planning-de-la-semaine-du-23-au-27-Mars.pdf<\/a><\/p>\n\n\n\n<p class=\"has-text-color has-vivid-green-cyan-color\"><a href=\"https:\/\/www.sainte-therese-plouzane.fr\/wp-content\/uploads\/2020\/03\/mot-explicatif.pdf\">mot-explicatif.pdf<\/a><\/p>\n\n\n\n<p class=\"has-text-color has-vivid-green-cyan-color\"><a href=\"https:\/\/www.sainte-therese-plouzane.fr\/wp-content\/uploads\/2020\/03\/Planning-de-la-semaine-du-16-au-20-Mars.pdf\">Planning-de-la-semaine-du-16-au-20-Mars.pdf<\/a><\/p>\n\n\n<p><!--EndFragment--><br \/><br \/><\/p>\n\n\n<p class=\"has-medium-font-size\"><strong>CYCLE 2<\/strong><\/p>\n\n\n\n<p style=\"font-size:17px\" class=\"has-text-color has-luminous-vivid-orange-color\"><strong>CP-CE1 A <\/strong><\/p>\n\n\n\n<p class=\"has-text-color has-luminous-vivid-orange-color\"> Un lien avec le site suivant vous permettra de trouver le travail pr\u00e9vu par Mmes Darchen et Collin.  <\/p>\n\n\n\n<p class=\"has-text-color has-luminous-vivid-orange-color\"><a href=\"http:\/\/cpce1a-saintethereseplouzane.e-monsite.com\/\">Site internet pour les CP-CE1 A<\/a><\/p>\n\n\n<p><br \/><!--StartFragment--><\/p>\n\n\n<p style=\"font-size:17px\" class=\"has-text-color has-pale-pink-color\"><strong>CP B et C<\/strong><\/p>\n\n\n\n<p class=\"has-text-color has-pale-pink-color\"> Vous trouverez dor\u00e9navant les informations sur le site d\u00e9di\u00e9 aux 2 classes de CP B et C, en cliquant sur le lien suivant :  <\/p>\n\n\n\n<p class=\"has-text-color has-pale-pink-color\"><a href=\"https:\/\/padlet.com\/stetheresec\/oonp79k3lrgv\"><strong>https:\/\/padlet.com\/stetheresec\/oonp79k3lrgv<\/strong><\/a><\/p>\n\n\n\n<p class=\"has-text-color has-pale-pink-color\"> Pour contacter directement l&#8217;enseignante de CP-CE1 <strong>C<\/strong> de la classe, veuillez \u00e9crire \u00e0 l&#8217;adresse mail suivante : <\/p>\n\n\n\n<p class=\"has-text-color has-pale-pink-color\"><a href=\"sthcpce1grpc@gmail.com\"><strong>sthcpce1grpc@gmail.com<\/strong><\/a><\/p>\n\n\n\n<p class=\"has-text-color has-pale-pink-color\">  Pour contacter directement l&#8217;enseignante de CP-CE1 <strong>B<\/strong>, veuillez \u00e9crire \u00e0 l&#8217;adresse mail suivante : <\/p>\n\n\n\n<p class=\"has-text-color has-pale-pink-color\"><a href=\"granier.sth.cpce1b@gmail.com\"><strong>granier.sth.cpce1b@gmail.com<\/strong><\/a><\/p>\n\n\n\n<p style=\"font-size:17px\" class=\"has-text-color has-vivid-red-color\"><strong>CE<\/strong> <strong>1 B et C<\/strong><\/p>\n\n\n\n<p class=\"has-text-color has-vivid-red-color\"> Vous trouverez dor\u00e9navant les informations sur le site d\u00e9di\u00e9 \u00e0 la classe de CE1 B et C, en cliquant sur le lien suivant :  <\/p>\n\n\n\n<p class=\"has-text-color has-vivid-red-color\"><a href=\"https:\/\/padlet.com\/stetheresec\/oonp79k3lrgv\"><strong>https:\/\/padlet.com\/stetheresec\/oonp79k3lrgv<\/strong><\/a><\/p>\n\n\n\n<p class=\"has-text-color has-vivid-red-color\"> Pour contacter directement l&#8217;enseignante de CP-CE1 <strong>C<\/strong>, veuillez \u00e9crire \u00e0 l&#8217;adresse mail suivante : <\/p>\n\n\n\n<p class=\"has-text-color has-vivid-red-color\"><a href=\"sthcpce1grpc@gmail.com\"><strong>sthcpce1grpc@gmail.com<\/strong><\/a><\/p>\n\n\n\n<p class=\"has-text-color has-vivid-red-color\">  Pour contacter directement l&#8217;enseignante de CP-CE1 <strong>B<\/strong>, veuillez \u00e9crire \u00e0 l&#8217;adresse mail suivante : <\/p>\n\n\n\n<p class=\"has-text-color has-vivid-red-color\"><a href=\"granier.sth.cpce1b@gmail.com\"><strong>granier.sth.cpce1b@gmail.com<\/strong><\/a><\/p>\n\n\n\n<p style=\"font-size:17px\" class=\"has-text-color has-vivid-cyan-blue-color\"><strong>CE2<\/strong><\/p>\n\n\n\n<p class=\"has-text-color has-vivid-cyan-blue-color\">Vous trouverez dor\u00e9navant les informations sur le site d\u00e9di\u00e9 \u00e0 la classe de CE2, en cliquant sur le lien suivant :<\/p>\n\n\n\n<p class=\"has-text-color has-vivid-cyan-blue-color\"><a href=\"http:\/\/ce2plouzane.e-monsite.com\/\"><strong>http:\/\/ce2plouzane.e-monsite.com\/<\/strong><\/a><\/p>\n\n\n\n<p class=\"has-text-color has-vivid-cyan-blue-color\">Vous avez \u00e9galement une adresse mail, communiqu\u00e9e ant\u00e9rieurement  pour \u00e9changer directement avec les enseignantes.<\/p>\n\n\n\n<p><\/p>\n\n\n\n<p class=\"has-medium-font-size\"><strong>CYCLE 3<\/strong><\/p>\n\n\n\n<p style=\"font-size:17px\" class=\"has-text-color has-vivid-green-cyan-color\"><strong>CE2-CM1<\/strong><\/p>\n\n\n\n<p class=\"has-text-color has-vivid-green-cyan-color\"> Vous trouverez dor\u00e9navant les informations sur le site d\u00e9di\u00e9 \u00e0 la classe de CE2-CM1, en cliquant sur le lien suivant : <\/p>\n\n\n\n<p class=\"has-text-color has-vivid-green-cyan-color\"><a href=\"http:\/\/ce2cm1-saintethereseplouzane.e-monsite.com\/\">http:<strong>\/\/ce2cm1-saintethereseplouzane.e-monsite.com\/<\/strong><\/a><\/p>\n\n\n\n<p class=\"has-text-color has-vivid-green-cyan-color\">Pour contacter directement madame Rocher, veuillez trouver ci-dessous une adresse mail : <\/p>\n\n\n\n<p class=\"has-text-color has-vivid-green-cyan-color\"><a href=\"rochersaintetherese29@gmail.com\"><strong>rochersaintetherese29@gmail.com<\/strong><\/a><\/p>\n\n\n\n<p style=\"font-size:17px\" class=\"has-text-color has-vivid-purple-color\"><strong>CM1-CM2 A<\/strong><\/p>\n\n\n\n<p class=\"has-text-color has-vivid-purple-color\"> Vous trouverez dor\u00e9navant les informations sur le site d\u00e9di\u00e9 \u00e0 la classe de CM1-CM2 A, en cliquant sur le lien suivant : <\/p>\n\n\n\n<p class=\"has-text-color has-vivid-purple-color\"> <a href=\"http:\/\/stetheresecm1cm2.e-monsite.com\"><strong>http:\/\/stetheresecm1cm2.e-monsite.com<\/strong><\/a><\/p>\n\n\n\n<p class=\"has-text-color has-vivid-purple-color\">Pour contacter directement les enseignantes de la classe, veuillez \u00e9crire \u00e0 l&#8217;adresse mail suivante :<\/p>\n\n\n\n<p class=\"has-text-color has-vivid-purple-color\"><a href=\"cm1cm2Astetherese@gmail.com\"><strong>cm1cm2Astetherese@gmail.com<\/strong><\/a><\/p>\n\n\n\n<p><\/p>\n\n\n\n<p style=\"font-size:17px\" class=\"has-text-color has-luminous-vivid-orange-color\"><strong>CM1-CM2 B<\/strong><\/p>\n\n\n\n<p class=\"has-text-color has-luminous-vivid-orange-color\"> Vous trouverez dor\u00e9navant les informations sur le site d\u00e9di\u00e9 \u00e0 la classe de CM1-CM2 B, en cliquant sur le lien suivant :  <\/p>\n\n\n\n<p class=\"has-text-color has-luminous-vivid-orange-color\"><a href=\"http:\/\/cmbsaintethereseplouzane.e-monsite.com\/\">http<strong>:\/\/cmbsaintethereseplouzane.e-monsite.com\/<\/strong><\/a><\/p>\n\n\n\n<p class=\"has-text-color has-luminous-vivid-orange-color\"> Pour contacter directement l&#8217;enseignante de la classe, veuillez \u00e9crire \u00e0 l&#8217;adresse mail suivante : <\/p>\n\n\n\n<p class=\"has-text-color has-luminous-vivid-orange-color\"><a href=\"Bastardiestetherese28@gmail.com\">B<strong>astardiestetherese28@gmail.com<\/strong><\/a><a href=\"sthcpce1grpc@gmail.com\"><\/a><\/p>\n\n\n\n<p class=\"has-text-color has-vivid-green-cyan-color\"><\/p>\n\n\n\n<p><\/p>\n\n\n\n<p><\/p>\n","protected":false},"excerpt":{"rendered":"<p>CYCLE 1 TPS PS MS Propositions d&#8217;activit\u00e9s pour les classes de TPS-PS-MS A et B (Christine et Nathalie) MS GS annexe-semaine-2.pdf Planning-de-la-semaine-du-23-au-27-Mars.pdf mot-explicatif.pdf Planning-de-la-semaine-du-16-au-20-Mars.pdf CYCLE 2 CP-CE1 A Un lien avec le site suivant vous permettra de trouver le travail pr\u00e9vu par Mmes Darchen et Collin. Site internet pour les CP-CE1 A CP B et <a class=\"more-link\" href=\"https:\/\/www.sainte-therese-plouzane.fr\/index.php\/continuite-pedagogique\/\">Lire plus &#8230;<\/a><\/p>\n","protected":false},"author":1,"featured_media":1995,"parent":0,"menu_order":0,"comment_status":"closed","ping_status":"closed","template":"","meta":{"footnotes":""},"class_list":["post-1974","page","type-page","status-publish","has-post-thumbnail","hentry"],"_links":{"self":[{"href":"https:\/\/www.sainte-therese-plouzane.fr\/index.php\/wp-json\/wp\/v2\/pages\/1974","targetHints":{"allow":["GET"]}}],"collection":[{"href":"https:\/\/www.sainte-therese-plouzane.fr\/index.php\/wp-json\/wp\/v2\/pages"}],"about":[{"href":"https:\/\/www.sainte-therese-plouzane.fr\/index.php\/wp-json\/wp\/v2\/types\/page"}],"author":[{"embeddable":true,"href":"https:\/\/www.sainte-therese-plouzane.fr\/index.php\/wp-json\/wp\/v2\/users\/1"}],"replies":[{"embeddable":true,"href":"https:\/\/www.sainte-therese-plouzane.fr\/index.php\/wp-json\/wp\/v2\/comments?post=1974"}],"version-history":[{"count":32,"href":"https:\/\/www.sainte-therese-plouzane.fr\/index.php\/wp-json\/wp\/v2\/pages\/1974\/revisions"}],"predecessor-version":[{"id":2142,"href":"https:\/\/www.sainte-therese-plouzane.fr\/index.php\/wp-json\/wp\/v2\/pages\/1974\/revisions\/2142"}],"wp:featuredmedia":[{"embeddable":true,"href":"https:\/\/www.sainte-therese-plouzane.fr\/index.php\/wp-json\/wp\/v2\/media\/1995"}],"wp:attachment":[{"href":"https:\/\/www.sainte-therese-plouzane.fr\/index.php\/wp-json\/wp\/v2\/media?parent=1974"}],"curies":[{"name":"wp","href":"https:\/\/api.w.org\/{rel}","templated":true}]}}