{"id":1641,"date":"2019-11-09T16:41:15","date_gmt":"2019-11-09T15:41:15","guid":{"rendered":"http:\/\/www.sainte-therese-plouzane.fr\/?page_id=1641"},"modified":"2019-11-09T16:58:10","modified_gmt":"2019-11-09T15:58:10","slug":"historique","status":"publish","type":"page","link":"https:\/\/www.sainte-therese-plouzane.fr\/index.php\/historique\/","title":{"rendered":"Il \u00e9tait une fois l&#8217;\u00e9cole Sainte Th\u00e9r\u00e8se&#8230;"},"content":{"rendered":"\n<p><\/p>\n\n\n\n<p class=\"has-medium-font-size\"><a href=\"http:\/\/www.sainte-therese-plouzane.fr\/wp-content\/uploads\/2019\/11\/Historique-Ecole-Sainte-Th\u00e9r\u00e8se-en-images-Enregistr\u00e9-automatiquement-1.pdf\"><strong>En images&#8230;<\/strong><\/a><\/p>\n\n\n\n<p><\/p>\n\n\n\n<p class=\"has-medium-font-size\"><a href=\"http:\/\/www.sainte-therese-plouzane.fr\/wp-content\/uploads\/2019\/11\/Historique-Ecole-Ste-Th\u00e9r\u00e8se-1.pdf\"><strong>Par \u00e9crit&#8230;<\/strong><\/a><\/p>\n\n\n\n<p><\/p>\n\n\n\n<p><\/p>\n\n\n\n<p><\/p>\n","protected":false},"excerpt":{"rendered":"<p>En images&#8230; Par \u00e9crit&#8230;<\/p>\n","protected":false},"author":1,"featured_media":0,"parent":0,"menu_order":0,"comment_status":"closed","ping_status":"closed","template":"","meta":{"footnotes":""},"class_list":["post-1641","page","type-page","status-publish","hentry"],"_links":{"self":[{"href":"https:\/\/www.sainte-therese-plouzane.fr\/index.php\/wp-json\/wp\/v2\/pages\/1641","targetHints":{"allow":["GET"]}}],"collection":[{"href":"https:\/\/www.sainte-therese-plouzane.fr\/index.php\/wp-json\/wp\/v2\/pages"}],"about":[{"href":"https:\/\/www.sainte-therese-plouzane.fr\/index.php\/wp-json\/wp\/v2\/types\/page"}],"author":[{"embeddable":true,"href":"https:\/\/www.sainte-therese-plouzane.fr\/index.php\/wp-json\/wp\/v2\/users\/1"}],"replies":[{"embeddable":true,"href":"https:\/\/www.sainte-therese-plouzane.fr\/index.php\/wp-json\/wp\/v2\/comments?post=1641"}],"version-history":[{"count":2,"href":"https:\/\/www.sainte-therese-plouzane.fr\/index.php\/wp-json\/wp\/v2\/pages\/1641\/revisions"}],"predecessor-version":[{"id":1652,"href":"https:\/\/www.sainte-therese-plouzane.fr\/index.php\/wp-json\/wp\/v2\/pages\/1641\/revisions\/1652"}],"wp:attachment":[{"href":"https:\/\/www.sainte-therese-plouzane.fr\/index.php\/wp-json\/wp\/v2\/media?parent=1641"}],"curies":[{"name":"wp","href":"https:\/\/api.w.org\/{rel}","templated":true}]}}