{"id":129,"date":"2016-12-17T14:51:21","date_gmt":"2016-12-17T13:51:21","guid":{"rendered":"http:\/\/www.sainte-therese-plouzane.fr\/?page_id=129"},"modified":"2024-09-07T10:29:35","modified_gmt":"2024-09-07T08:29:35","slug":"menus-self","status":"publish","type":"page","link":"https:\/\/www.sainte-therese-plouzane.fr\/index.php\/menus-self\/","title":{"rendered":"Menus Self"},"content":{"rendered":"<p>Depuis plus de 5 ans, notre prestataire Convivio, propose \u00e0 nos \u00e9l\u00e8ves des repas vari\u00e9s et \u00e9quilibr\u00e9s.<\/p>\n<p>Pour d\u00e9couvrir l&#8217;entreprise :<\/p>\n<p><a href=\"https:\/\/www.convivio.fr\/\">https:\/\/www.convivio.fr\/<\/a><\/p>\n<p style=\"text-align: center;\"><span style=\"color: #ff00ff; font-size: 20px;\"><strong>\u00a0<\/strong><\/span><\/p>\n<p style=\"text-align: center;\"><a href=\"https:\/\/www.sainte-therese-plouzane.fr\/wp-content\/uploads\/2024\/09\/Menus-septembre.pdf\"><span style=\"color: #ff0000;\"><span style=\"font-size: 20px;\"><strong>Menus de Septembre 2024<\/strong><\/span><\/span><\/a><\/p>\n<p>\u00a0<\/p>\n\n\n<p><\/p>\n","protected":false},"excerpt":{"rendered":"<p>Depuis plus de 5 ans, notre prestataire Convivio, propose \u00e0 nos \u00e9l\u00e8ves des repas vari\u00e9s et \u00e9quilibr\u00e9s. Pour d\u00e9couvrir l&#8217;entreprise : https:\/\/www.convivio.fr\/ \u00a0 Menus de Septembre 2024 \u00a0<\/p>\n","protected":false},"author":1,"featured_media":2161,"parent":0,"menu_order":0,"comment_status":"closed","ping_status":"closed","template":"","meta":{"footnotes":""},"class_list":["post-129","page","type-page","status-publish","has-post-thumbnail","hentry"],"_links":{"self":[{"href":"https:\/\/www.sainte-therese-plouzane.fr\/index.php\/wp-json\/wp\/v2\/pages\/129","targetHints":{"allow":["GET"]}}],"collection":[{"href":"https:\/\/www.sainte-therese-plouzane.fr\/index.php\/wp-json\/wp\/v2\/pages"}],"about":[{"href":"https:\/\/www.sainte-therese-plouzane.fr\/index.php\/wp-json\/wp\/v2\/types\/page"}],"author":[{"embeddable":true,"href":"https:\/\/www.sainte-therese-plouzane.fr\/index.php\/wp-json\/wp\/v2\/users\/1"}],"replies":[{"embeddable":true,"href":"https:\/\/www.sainte-therese-plouzane.fr\/index.php\/wp-json\/wp\/v2\/comments?post=129"}],"version-history":[{"count":42,"href":"https:\/\/www.sainte-therese-plouzane.fr\/index.php\/wp-json\/wp\/v2\/pages\/129\/revisions"}],"predecessor-version":[{"id":3067,"href":"https:\/\/www.sainte-therese-plouzane.fr\/index.php\/wp-json\/wp\/v2\/pages\/129\/revisions\/3067"}],"wp:featuredmedia":[{"embeddable":true,"href":"https:\/\/www.sainte-therese-plouzane.fr\/index.php\/wp-json\/wp\/v2\/media\/2161"}],"wp:attachment":[{"href":"https:\/\/www.sainte-therese-plouzane.fr\/index.php\/wp-json\/wp\/v2\/media?parent=129"}],"curies":[{"name":"wp","href":"https:\/\/api.w.org\/{rel}","templated":true}]}}